{"id":13,"date":"2017-09-11T10:03:35","date_gmt":"2017-09-11T16:03:35","guid":{"rendered":"https:\/\/physlabs.colostate.edu\/chengroup\/?page_id=13"},"modified":"2025-08-19T12:09:01","modified_gmt":"2025-08-19T18:09:01","slug":"publications","status":"publish","type":"page","link":"https:\/\/physlabs.colostate.edu\/chengroup\/publications\/","title":{"rendered":"Publications"},"content":{"rendered":"<p><strong>Papers (<a href=\"https:\/\/scholar.google.com\/citations?user=EOewrqEAAAAJ\">Google Scholar<\/a>)<\/strong><\/p>\n<ol>\n<li><u>H. Chen<\/u>, \u201cAnomalous Hall scaling revisited in noncollinear antiferromagnets\u201d, <a href=\"https:\/\/www.cell.com\/newton\/abstract\/S2950-6360(25)00092-1\"><em>Newton<\/em> <strong>1<\/strong>, 100100 (2025)<\/a>.<\/li>\n<li><u>C. Ard<\/u>, E. Camrud, O. Pinaud, and <u>H. Chen<\/u>, \u201cBounds and anomalies of inhomogeneous anomalous Hall effects\u201d, <a href=\"https:\/\/arxiv.org\/abs\/2408.15195\">arXiv:2408.15195<\/a>. <a href=\"https:\/\/www.nature.com\/articles\/s42005-025-02064-7\">\u00a0<em>Communications Physics<\/em> <strong>8<\/strong>, 209 (2025).<\/a><\/li>\n<li>Yejun Feng, Yishu Wang, Thomas F. Rosenbaum, Peter B. Littlewood, <u>Hua Chen<\/u>, \u201cFermi surface origin of the low-temperature magnetoresistance anomaly\u201d, <a href=\"https:\/\/www.cell.com\/matter\/fulltext\/S2590-2385(25)00148-1\"><em>Matter<\/em> <strong>8<\/strong>, 102105 (2025)<\/a>.<\/li>\n<li><u>Luke Wernert<\/u>, Basti\u00e1n Pradenas, Oleg Tchernyshyov, and <u>Hua Chen<\/u>, \u201cHall mass and transverse Noether spin currents in noncollinear antiferromagnets\u201d, <a href=\"https:\/\/arxiv.org\/abs\/2404.12898\">arXiv:2404.12898<\/a>, <a href=\"https:\/\/journals.aps.org\/prl\/abstract\/10.1103\/PhysRevLett.134.016706\"><em>Phys. Rev. Lett.<\/em> <strong>134<\/strong>, 016706 (2025)<\/a>.<\/li>\n<li>Senlei Li, Zeliang Sun, Nathan J McLaughlin, <u>Afsana Sharmin<\/u>, Nishkarsh Agarwal, Mengqi Huang, Suk Hyun Sung, Hanyi Lu, Shaohua Yan, Hechang Lei, Robert Hovden, Hailong Wang, <u>Hua Chen<\/u>, Liuyan Zhao, and Chunhui Rita Du, \u201cObservation of stacking engineered magnetic phase transitions within moir\u00e9 supercells of twisted van der Waals magnets\u201d, <a href=\"https:\/\/www.nature.com\/articles\/s41467-024-49942-2\"><em>Nature Communications<\/em> <strong>15<\/strong>, 5712 (2024)<\/a>.<\/li>\n<li>ZhuangEn Fu, Piumi I. Samarawickrama, John Ackerman, Yanglin Zhu, Zhiqiang Mao, Kenji Watanabe, Takashi Taniguchi, Wenyong Wang, Yuri Dahnovsky, Mingzhong Wu, TeYu Chien, Jinke Tang, Allan H. MacDonald, <u>Hua Chen<\/u>* &amp; Jifa Tian*, \u201cTunneling current-controlled spin states in few-layer van der Waals magnets\u201d, <a href=\"https:\/\/www.nature.com\/articles\/s41467-024-47820-5\"><em>Nature Communications<\/em> <strong>15<\/strong>, 3630 (2024)<\/a>. (*Corresponding author)<\/li>\n<li><u>Winblad<\/u> and <u>H. Chen<\/u>, \u201cSuperconducting triangular islands as a platform for manipulating Majorana zero modes\u201d, <a href=\"https:\/\/arxiv.org\/abs\/2309.11607\">arXiv:2309.11607<\/a>, <a href=\"https:\/\/doi.org\/10.1103\/PhysRevB.109.205158\"><em>Phys. Rev. B<\/em> <strong>109<\/strong>, 205158 (2024)<\/a>.<\/li>\n<li>Feng, Y. Wang, T. F. Rosenbaum, P. B. Littlewood, and <u>H. Chen<\/u>, \u201cQuantum interference in superposed lattices\u201d, <a href=\"https:\/\/www.pnas.org\/doi\/full\/10.1073\/pnas.2315787121\"><em>Proc. Natl. Acad. Sci.<\/em> <strong>121<\/strong>, e2315787121 (2024)<\/a>.<\/li>\n<li>K. Zhao*, Y. Tokiwa, <u>H. Chen<\/u>*, and P. Gegenwart*, <a href=\"https:\/\/doi.org\/10.1038\/s41567-023-02307-w\">\u201cDiscrete degeneracies distinguished by the anomalous Hall effect in a metallic kagome ice compound\u201d, <em>Nature Physics (2024)<\/em><\/a>. (<sup>*<\/sup>Corresponding author)<\/li>\n<li><u> Tahir<\/u> and <u>Hua Chen<\/u>, \u201cTransport of Spin Magnetic Multipole Moments Carried by Bloch Quasiparticles\u201d, <em>Phys. Rev. Lett.<\/em>, 131, 106701 (2023).<\/li>\n<li>Senlei Li, Mengqi Huang, Hanyi Lu, Nathan J McLaughlin, Yuxuan Xiao, Jingcheng Zhou, Eric E Fullerton, <u>Hua Chen<\/u>, Hailong Wang, Chunhui Rita Du, \u201cNanoscale Magnetic Domains in Polycrystalline Mn<sub>3<\/sub>Sn Films Imaged by a Scanning Single-Spin Magnetometer\u201d, <em>Nano Letters<\/em> <strong>23<\/strong>, 5326-5333 (2023).<\/li>\n<li><u>Hua Chen<\/u>, \u201cElectronic chiralization as an indicator of the anomalous Hall effect in unconventional magnetic systems\u201d, <em>Phys. Rev. B<\/em> <strong>106<\/strong>, 024421 (2022).<\/li>\n<li>Gerald Q. Yan,, Senlei Li, Hanyi Lu, Mengqi Huang, Yuxuan Xiao, <u>Luke Wernert<\/u>, \u202aJeffrey A. Brock, Eric E. Fullerton, <u>Hua Chen<\/u>, Hailong Wang, and Chunhui Rita Du, \u201cNanoscale quantum sensing and imaging of spin-orbit-torque-driven spin dynamics in noncollinear antiferromagnet Mn<sub>3<\/sub>Sn\u201d, <em>Advanced Materials <\/em><strong>34<\/strong>, 2200327 (2022).<\/li>\n<li>Ian P. Moseley, <u>Christopher P. Ard<\/u>, Joseph A. DiVerdi, Andrew Ozarowski, <u>Hua Chen<\/u>, and Joseph M. Zadrozny, \u201cSlowing Magnetic Relaxation with Open-Shell Diluents\u201d, <em>Cell Reports Physical Science<\/em> <strong>3<\/strong>, 100802 (2022).<\/li>\n<li>Kouta Kondou, <u>Hua Chen<\/u>, Takahiro Tomita, Muhammad Ikhlas, Tomoya Higo, Allan H MacDonald, Satoru Nakatsuji, YoshiChika Otani, \u201cGiant field-like torque by the out-of-plane magnetic spin Hall effect in a topological antiferromagnet\u201d, Nature Communications <strong>12<\/strong>, 6491 (2021).<\/li>\n<li>Jinjun Ding, Chuanpu Liu, Vijaysankar Kalappattil, Yuejie Zhang, Oleksandr Mosendz, Uppalaiah Erugu, Rui Yu, Jifa Tian, August DeMann, Stuart B Field, Xiaofei Yang, Haifeng Ding, Jinke Tang, Bruce Terris, Albert Fert, <u>Hua Chen<\/u>, Mingzhong Wu, \u201cSwitching of a Magnet by Spin\u2010Orbit Torque from a Topological Dirac Semimetal\u201d, <em>Advanced Materials<\/em> <strong>33<\/strong>, 2005909 (2021).<\/li>\n<li><u>Hua Chen<\/u>, Olivier Pinaud, and <u>Muhammad Tahir<\/u>, \u201cA simple real-space scheme for periodic Dirac operators\u201d, <em>Comm.\u00a0 <\/em><em>Math. Sci.<\/em> <strong>19<\/strong>, 1735-1750 (2021).<\/li>\n<li>Jinjun Ding, Chuanpu Liu, Yuejie Zhang, Vijaysankar Kalappattil, Rui Yu, Uppalaiah Erugu, Jinke Tang, Haifeng Ding, <u>Hua Chen<\/u>, and Mingzhong Wu, \u201cLarge Damping Enhancement in Dirac-Semimetal-Ferromagnetic-Metal Layered Structures Caused by Topological Surface States\u201d, <em>Advanced Functional Materials<\/em>, 2008411 (2021).<\/li>\n<li>Ahmed, T., <u>Tahir, M.<\/u>, Low, M. X., Ren, Y., Tawfik, S. A., Mayes, E. L. H., Kuriakose, S., Nawaz, S., Spencer, M. J. S., <u>Chen, H.<\/u>, Bhaskaran, M., Sriram, S., Walia, S. \u201cFully Light-Controlled Memory and Neuromorphic Computation in Layered Black Phosphorus\u201d, <em>Advanced Materials<\/em>, 2004207 (2020).<\/li>\n<li><u> Tahir<\/u>, O. Pinaud, and <u>H. Chen<\/u>. \u201cEmergent flat band lattices in spatially periodic magnetic fields\u201d, <em>Phys. Rev. B<\/em>, <strong>102<\/strong>, 035425 (2020).<\/li>\n<li>Wang, Z. N. Nilsson, <u>M. Tahir<\/u>, <u>H. Chen<\/u>, and J. B. Sambur, \u201cInfluence of the Substrate on the Optical and Photo-electrochemical Properties of Monolayer MoS<sub>2<\/sub>\u201d, <em>ACS Applied Materials &amp; Interfaces<\/em>, <strong>12<\/strong>, 15034-15042 (2020).<\/li>\n<li>Xiao Li, <u>Hua Chen<\/u>, and Qian Niu, \u201cOut-of-plane carrier spin in transition-metal dichalcogenides under electric current\u201d, <em>Proceedings of the National Academy of Sciences<\/em>, <strong>117<\/strong> 16749-16755 (2020).<\/li>\n<li><u>Hua Chen<\/u>, Tzu-Cheng Wang, Di Xiao, Guang-Yu Guo, Qian Niu, and Allan H. MacDonald, \u201cManipulating anomalous Hall antiferromagnets with magnetic fields\u201d, <em> Rev. B<\/em>, <strong>101<\/strong>, 104418 (2020). (Editors\u2019 Suggestion)<\/li>\n<li>Cong Xiao, <u>Hua Chen<\/u>, Yang Gao, Di Xiao, Allan H. MacDonald, and Qian Niu, \u201cLinear magnetoresistance induced by intra-scattering semiclassics of Bloch electrons\u201d, <em> Rev. B<\/em>, <strong>101<\/strong>, 201410(R) (2020). (Rapid Communication)<\/li>\n<li>Kan Zhao<sup>*<\/sup>, Hao Deng<sup>*<\/sup>, <u>Hua Chen<\/u><sup>*<\/sup>, Kate A. Ross, Vaclav Pet\u0159\u00ed\u010dek, Vladimir Hutanu, and Philipp Gegenwart, \u201cDiscovery of kagome spin ice with crystallized magnetic monopoles in an intermetallic compound\u201d, <em>Science<\/em> <strong>367<\/strong>, 1218-1223 (2020). (<sup>*<\/sup>Joint first author)<\/li>\n<li>Li Wang, <u> Tahir<\/u>, <u>Hua Chen<\/u>, and Justin B. Sambur, \u201cProbing Charge Carrier Transport and Recombination Pathways in Monolayer MoS<sub>2<\/sub>\/WS<sub>2<\/sub> Heterojunction Photoelectrodes\u201d, <em>Nano Letters<\/em> <strong>19<\/strong>, 9084 (2019).<\/li>\n<li>Li Wang, Merranda Schmid, <u>Muhammad Tahir<\/u>, <u>Hua Chen<\/u>, and Justin Sambur, \u201cLaser Annealing Improves Photoelectrochemical Activity of Ultrathin MoSe<sub>2<\/sub> Photoelectrodes\u201d, <em>ACS Appl. Mater. Interfaces<\/em>, <strong>11<\/strong>, 19207 (2019).<\/li>\n<li>Kan Zhao, T. Hajiri, <u>Hua Chen<\/u>, R. Miki, H. Asano, and P. Gegenwart, \u201cAnomalous Hall effect in the noncollinear antiferromagnetic antiperovskite Mn<sub>3<\/sub>Ni<sub>1-<em>x<\/em><\/sub>Cu<em><sub>x<\/sub><\/em>N\u201d <em> Rev. B<\/em> <strong>100<\/strong>, 045109 (2019).<\/li>\n<li>Motoi Kimata, <u>Hua Chen<\/u>, Kouta Kondou, Satoshi Sugimoto, Prasanta K. Muduli, Muhammad Ikhlas, Yasutomo Omori, Takahiro Tomita, Allan. H. MacDonald, Satoru Nakatsuji &amp; Yoshichika Otani, \u201cMagnetic and magnetic inverse spin Hall effects in a non-collinear antiferromagnet\u201d, <em>Nature<\/em> <strong>565<\/strong>, 627-630 (2019).<\/li>\n<li>Hyoungdo Nam, <u>Hua Chen<\/u>, Philip W. Adams, Syu-You Guan, Tien-Ming Chuang, Chia-Seng Chang, Allan H. MacDonald &amp; Chih-Kang Shih, \u201cGeometric quenching of orbital pair breaking in a single crystalline superconducting nanomesh network\u201d, <em>Nature Communications<\/em> <strong>9<\/strong>, 5431 (2018).<\/li>\n<li>Q. Liu, <u>H. Chen<\/u>, J. M. Wang, J. H. Liu, K. Wang, Z. X. Feng, H. Yang, X. R. Wang, C. B. Jiang, J. M. D. Coey, and A. H. MacDonald, \u201cElectrical Switching of the Topological Anomalous Hall Effect in a Noncollinear Antiferromagnet above Room Temperature\u201d, <em>Nature Electronics<\/em>, <strong>1<\/strong>, 172-177 (2018). Accompanying News &amp; Views by Christoph S\u00fcrgers.<\/li>\n<li>Chao Lei, <u>Hua Chen<\/u>, and Allan H. MacDonald, \u201cUltrathin Films of Superconducting Metals as a Platform for Topological Superconductivity\u201d, <em>Physical Review Letters<\/em> <strong>121<\/strong>, 227701 (2018).<\/li>\n<li>Bangguo Xiong, <u>Hua Chen<\/u>, Xiao Li, and Qian Niu, \u201cGeometric Dynamics of Magnetization: Electronic Contribution\u201d, <em>Physical Review B<\/em> <strong>98<\/strong>, 035123 (2018).<\/li>\n<li>Ping Li, Xiao Li, Wei Zhao, <u>Hua Chen<\/u>, Ming-Xing Chen, Zhi-Xin Guo, Ji Feng, Xingao Gong, and Allan H. MacDonald, \u201cTopological Dirac states beyond \u03c0 orbitals for silicene on SiC(0001) surface\u201d, <em>Nano Letters<\/em> <strong>17<\/strong>, 6195 (2017).<\/li>\n<li>Xianzhe Chen, Hao Liu, <u>Hua Chen<\/u>, Y. Z. Tan, Miao Jiang, Xiangjun Zhou, Lifeng Yin, Cheng Song, and Feng Pan, \u201cDomain wall Hall effect during antiferromagntic to ferromagnetic phase transition\u201d, <em>Journal of Physics D: Applied Physics<\/em> <strong>50<\/strong>, 505004 (2017).<\/li>\n<li>Alejandro Jara, Igor Barsukov, Brian Youngblood, Yu-Jin Chen, John Read,\u00a0<u>Hua Chen<\/u>, Patrick Braganca, and Ilya Krivorotov, &#8220;Highly textured IrMn<sub>3<\/sub>(111) thin films grown by magnetron sputtering&#8221;,\u00a0<a href=\"http:\/\/ieeexplore.ieee.org\/document\/7509605\/\"><em>IEEE Magnetics Letters<\/em> <strong>7<\/strong>, 3104805 (2016)<\/a>.<\/li>\n<li>D. Nam, <u>Hua Chen<\/u>, T. J. Liu, J. S. Kim, C. D. Zhang, J. Yong, T. R. Lemberger, P. A. Kratz, J. R. Kirtley, K. A. Moler, P. W. Adams, A. H. MacDonald, and C. K. Shih, \u201cUltrathin Two-Dimensional Superconductivity with Strong Spin-Orbit Coupling\u201d, <a href=\"http:\/\/www.pnas.org\/content\/113\/38\/10513.abstract\"><em>Proceedings of the National Academy of Sciences<\/em> <strong>113<\/strong>, 10513-10517 (2016)<\/a>.<\/li>\n<li>Yufeng Hao, Lei Wang, Yuanyue Liu, <u>Hua Chen<\/u>, Xiaohan Wang, Cheng Tan, Shu Nie, Ji Won Suk, Tengfei Jiang, Tengfei Liang, Junfeng Xiao, Wenjing Ye, Cory R. Dean, Boris I. Yakobson, Kevin F. McCarty, Philip Kim, James Hone, Luigi Colombo, and Rodney S. Ruoff, \u201cOxygen-Activated Growth of Large Single-Crystal Bilayer Graphene on Copper\u201d, <a href=\"http:\/\/www.nature.com\/nnano\/journal\/v11\/n5\/full\/nnano.2015.322.html\"><em>Nature Nanotechnology<\/em> <strong>11<\/strong>, 426-431 (2016)<\/a> (<a href=\"http:\/\/www.nature.com\/nnano\/journal\/v11\/n5\/covers\/index.html\">Cover Article<\/a>).<\/li>\n<li>Shifei Qi, Zhenhua Qiao, Xinzhou Deng, Ekin Cubuk, <u>Hua Chen<\/u>, Wenguang Zhu, Efthimios Kaxiras, Shengbai Zhang, Xiaohong Xu, and Zhenyu Zhang, \u201cHigh-Temperature Quantum Anomalous Hall Effect in <em>n<\/em>&#8211;<em>p<\/em> codoped topological insulators\u201d, <a href=\"http:\/\/journals.aps.org\/prl\/abstract\/10.1103\/PhysRevLett.117.056804\"><em>Physical Review Letters<\/em> <strong>117<\/strong>, 056804 (2016)<\/a>.<\/li>\n<li><u>Hua Chen<\/u> and Allan H. MacDonald, \u201cSpin-Superfluidity and Spin-Current Mediated Non-Local Transport\u201d, arXiv:1604.02429.<\/li>\n<li>Zhe Wang, Dong-Keun Ki, <u>Hua Chen<\/u>, Helmuth Berger, Allan H. MacDonald and Alberto Morpurgo, \u201cStrong interface-induced spin-orbit coupling in graphene on WS<sub>2<\/sub>\u201d, <a href=\"http:\/\/www.nature.com\/ncomms\/2015\/150922\/ncomms9339\/full\/ncomms9339.html\"><em>Nature Communications<\/em> <strong>6<\/strong>, 8339 (2015)<\/a>.<\/li>\n<li>Jian Li<sup>*<\/sup>, <u>Hua Chen<\/u><sup>*<\/sup>, Ilya K. Drozdov, Ali Yazdani, B. Andrei Bernevig, and Allan H. MacDonald, \u201cTopological Superconductivity induced by Ferromagnetic Metal Chains\u201d, <a href=\"http:\/\/dx.doi.org\/10.1103\/PhysRevB.90.235433\"><em>Physical Review B<\/em> <strong>90<\/strong>, 235433 (2014)<\/a>. (<sup>*<\/sup>Joint first author) (Editors\u2019 Suggestion)<\/li>\n<li>Inti Sodemann, <u>Hua Chen<\/u>, and Allan H. MacDonald, \u201cTheory of Transport Phenomena in Coherent Quantum Hall Bilayers\u201d, <a href=\"http:\/\/arxiv.org\/abs\/1411.0008\">arXiv:1411.0008<\/a>.<\/li>\n<li><u>Hua Chen<\/u>, Andrew D. Kent, Allan H. MacDonald, and Inti Sodemann, \u201cNon-Local Transport Mediated by Spin-Supercurrents\u201d, <a href=\"http:\/\/journals.aps.org\/prb\/abstract\/10.1103\/PhysRevB.90.220401\"><em>Physical Review B<\/em> <strong>90<\/strong>, 220401(R) (2014)<\/a>.<\/li>\n<li>Stevan Nadj-Perge<sup>*<\/sup>, Ilya K. Drozdov<sup>*<\/sup>, Jian Li<sup>*<\/sup>, <u>Hua Chen<\/u><sup>*<\/sup>, Sangjun Jeon, Jungpil Seo, Allan H. MacDonald, B. A. Bernevig, and Ali Yazdani, \u201cObservation of Majorana Fermions in Ferromagnetic Atomic Chains on a Superconductor\u201d, <a href=\"http:\/\/www.sciencemag.org\/content\/346\/6209\/602.abstract\"><em>Science<\/em> <strong>346<\/strong>, 602 (2014)<\/a>. (<sup>*<\/sup>Joint first author)<\/li>\n<li>Zhenhua Qiao, Wei Ren, <u>Hua Chen<\/u>, L. Bellaiche, Zhenyu Zhang, Allan H. MacDonald, and Qian Niu, \u201cQuantum Anomalous Hall Effect in Graphene Proximity Coupled to an Antiferromagnetic Insulator\u201d, <a href=\"http:\/\/journals.aps.org\/prl\/abstract\/10.1103\/PhysRevLett.112.116404\"><em>Physical Review Letters<\/em> <strong>112<\/strong>, 116404 (2014)<\/a> (Editors&#8217; Suggestion).<\/li>\n<li><u>Hua Chen<\/u>, Qian Niu, and Allan H. MacDonald, \u201cAnomalous Hall effect arising from noncollinear antiferromagnetism\u201d, <a href=\"http:\/\/prl.aps.org\/abstract\/PRL\/v112\/i1\/e017205\"><em>Physical Review Letters<\/em> <strong>112<\/strong>, 017205 (2014)<\/a>.<\/li>\n<li>Yufeng Hao, M. S. Bharathi, Lei Wang, Yuanyue Liu, <u>Hua Chen<\/u>, Shu Nie, Xiaohan Wang, Harry Chou, Cheng Tan, Babak Fallahazad, H. Ramanarayan, Carl W. Magnuson, Emanuel Tutuc, Boris I. Yakobson, Kevin F. McCarty, Yong-Wei Zhang, Philip Kim, James Hone, Luigi Colombo, and Rodney S. Ruoff, \u201cThe Role of Surface Oxygen in the Growth of Large Single-Crystals of Graphene on Copper\u201d, <a href=\"http:\/\/www.sciencemag.org\/content\/342\/6159\/720\"><em>Science<\/em> <strong>342<\/strong>, 720-723 (2013)<\/a> (<a href=\"http:\/\/www.sciencemag.org\/content\/342\/6159.cover-expansion\">Cover Article<\/a>).<\/li>\n<li><u>Hua Chen<\/u>, Qian Niu, Zhenyu Zhang, and Allan H. MacDonald, \u201cGate-Tunable Exchange Coupling Between Cobalt Clusters on Graphene\u201d, <a href=\"http:\/\/prb.aps.org\/abstract\/PRB\/v87\/i14\/e144410\"><em>Physical Review B<\/em> <strong>87<\/strong>, 144410 (2013)<\/a>.<\/li>\n<li>Xiaoguang Li, Gufeng Zhang, Guangfen Wu, <u>Hua Chen<\/u>, Dimitrie Culcer, and Zhenyu Zhang, \u201cProximity Effects in Topological Insulator Heterostructures\u201d, <a href=\"http:\/\/iopscience.iop.org\/1674-1056\/22\/9\/097306\"><em>Chinese Physics B<\/em> <strong>22<\/strong>, 097306 (2013)<\/a>. (Invited Review)<\/li>\n<li>Shifei Qi, <u>Hua Chen<\/u>, Xiaohong Xu, and Zhenyu Zhang, \u201cDiluted Ferromagnetic Graphene via Compensated <em>n<\/em>&#8211;<em>p<\/em> Codoping\u201d, <a href=\"http:\/\/www.sciencedirect.com\/science\/article\/pii\/S0008622313004764\"><em>Carbon<\/em> <strong>61<\/strong>, 609 (2013)<\/a>.<\/li>\n<li>Guangfen Wu, <u>Hua Chen<\/u>, Yan Sun, Xiaoguang Li, Ping Cui, Cesare Franchini, Jinlan Wang, Xing-Qiu Chen, and Zhenyu Zhang, \u201cTuning the Vertical Location of Helical Surface States in Topological Insulator Heterostructures via Dual-Proximity Effects\u201d, <a href=\"http:\/\/www.nature.com\/srep\/2013\/130206\/srep01233\/full\/srep01233.html\"><em>Scientific Reports<\/em> <strong>3<\/strong>, 1233 (2013)<\/a>.<\/li>\n<li>Wei Chen, <u>Hua Chen<\/u>, Haiping Lan, Ping Cui, Tim P. Schulze, Wenguang Zhu, and Zhenyu Zhang, \u201cSuppression of Grain Boundaries in Graphene Growth on Superstructured Mn-Cu(111) Surface\u201d, <a href=\"http:\/\/prl.aps.org\/abstract\/PRL\/v109\/i26\/e265507\"><em>Physical Review Letters<\/em> <strong>109<\/strong>, 265507 (2012)<\/a>.<\/li>\n<li><u>Hua Chen<\/u>, Wenguang Zhu, Di Xiao, and Zhenyu Zhang, \u201cCO Oxidation Facilitated by Robust Surface States on Au-Covered Topological Insulators\u201d, <a href=\"http:\/\/prl.aps.org\/abstract\/PRL\/v107\/i5\/e056804\"><em>Physical Review Letters<\/em> <strong>107<\/strong>, 056804 (2011)<\/a> (Editors&#8217; Suggestion). Accompanying Synopsis: \u201c<a href=\"http:\/\/physics.aps.org\/synopsis-for\/10.1103\/PhysRevLett.107.056804\">Topological Catalysis<\/a>\u201d in APS\u2019s online journal Physics.<\/li>\n<li>Robert Van Wesep, <u>Hua Chen<\/u>, Wenguang Zhu, and Zhenyu Zhang, \u201cStable Carbon Nanoarches in the Initial Stages of Epitaxial Growth of Graphene on Cu(111)\u201d, <a href=\"http:\/\/jcp.aip.org\/resource\/1\/jcpsa6\/v134\/i17\/p171105_s1\"><em>Journal of Chemical Physics<\/em> <strong>134<\/strong>, 171105 (2011)<\/a>.<\/li>\n<li>Wenguang Zhu, <u>Hua Chen<\/u>, Kirk Bevan, and Zhenyu Zhang, \u201cFormation of Graphene p-n Supperlattices on Pb Quantum Wedged Islands\u201d, <a href=\"http:\/\/pubs.acs.org\/doi\/abs\/10.1021\/nn200052f\"><em>ACS Nano<\/em> <strong>5<\/strong>, 3707 (2011)<\/a>.<\/li>\n<li><u>Hua Chen<\/u>, Wenguang Zhu, and Zhenyu Zhang, \u201cContrasting Behavior of Carbon Nucleation in the Initial Stages of Graphene Epitaxial Growth on Stepped Metal Surfaces\u201d, <a href=\"http:\/\/prl.aps.org\/abstract\/PRL\/v104\/i18\/e186101\"><em>Physical Review Letters<\/em> <strong>104<\/strong>, 186101 (2010)<\/a>.<\/li>\n<li><u>Hua Chen<\/u>, Wenguang Zhu, Efthimios Kaxiras, and Zhenyu Zhang, \u201cOptimization of Mn doping in group-IV-based dilute magnetic semiconductors by electronic codopants\u201d, <a href=\"http:\/\/prb.aps.org\/abstract\/PRB\/v79\/i23\/e235202\"><em>Physical Review B<\/em> <strong>79<\/strong>, 235202 (2009)<\/a>.<\/li>\n<li>Shenyuan Yang, Lixin Zhang, <u>Hua Chen<\/u>, Enge Wang, and Zhenyu Zhang, \u201cGeneric Guiding Principle for the Prediction of Metal-induced Reconstructions of Compound Semiconductor Surfaces\u201d, <a href=\"http:\/\/prb.aps.org\/abstract\/PRB\/v78\/i7\/e075305\"><em>Physical Review B<\/em> <strong>78<\/strong>, 075305 (2008)<\/a>.<\/li>\n<\/ol>\n<p><strong>Books<\/strong><\/p>\n<ol>\n<li><u>Hua Chen<\/u>\u00a0and Allan H. MacDonald, &#8220;Spin Superfluidity and Easy Plane Magnetism&#8221;, in\u00a0<a href=\"http:\/\/www.cambridge.org\/9781107085695\"><em>Universal Themes of Bose-Einstein Condensation<\/em>\u00a0edited by D. W. Snoke, N. P. Proukakis, and P. B. Littlewood, Cambridge University Press, London, 2017<\/a>.<\/li>\n<\/ol>\n<p><strong>Patents<\/strong><\/p>\n<ol>\n<li>S. K. Banerjee, A. H. MacDonald, L. F. Register II, E. Tutuc, I. Sodemann, <u>H. Chen<\/u>, and X. Mou, &#8220;Transistor that Employs Collective Magnetic Effects Thereby Providing Improved Energy Efficiency&#8221;, US Patent 9,825,218.<\/li>\n<\/ol>\n","protected":false},"excerpt":{"rendered":"<p>Papers (Google Scholar) H. Chen, \u201cAnomalous Hall scaling revisited in noncollinear antiferromagnets\u201d, Newton 1, 100100 (2025). C. Ard, E. Camrud, O. Pinaud, and H. Chen, \u201cBounds and anomalies of inhomogeneous anomalous Hall effects\u201d, arXiv:2408.15195. \u00a0Communications Physics 8, 209 (2025). Yejun Feng, Yishu Wang, Thomas F. Rosenbaum, Peter B. Littlewood, Hua Chen, \u201cFermi surface origin of &hellip; <\/p>\n<p><a class=\"more-link btn\" href=\"https:\/\/physlabs.colostate.edu\/chengroup\/publications\/\">Continue reading<\/a><\/p>\n","protected":false},"author":36,"featured_media":0,"parent":0,"menu_order":3,"comment_status":"closed","ping_status":"closed","template":"template-onecolumn.php","meta":{"_kad_blocks_custom_css":"","_kad_blocks_head_custom_js":"","_kad_blocks_body_custom_js":"","_kad_blocks_footer_custom_js":"","footnotes":""},"class_list":["post-13","page","type-page","status-publish","hentry","nodate","item-wrap"],"taxonomy_info":[],"featured_image_src_large":false,"author_info":{"display_name":"huachen","author_link":"https:\/\/physlabs.colostate.edu\/chengroup\/author\/huachen\/"},"comment_info":0,"_links":{"self":[{"href":"https:\/\/physlabs.colostate.edu\/chengroup\/wp-json\/wp\/v2\/pages\/13","targetHints":{"allow":["GET"]}}],"collection":[{"href":"https:\/\/physlabs.colostate.edu\/chengroup\/wp-json\/wp\/v2\/pages"}],"about":[{"href":"https:\/\/physlabs.colostate.edu\/chengroup\/wp-json\/wp\/v2\/types\/page"}],"author":[{"embeddable":true,"href":"https:\/\/physlabs.colostate.edu\/chengroup\/wp-json\/wp\/v2\/users\/36"}],"replies":[{"embeddable":true,"href":"https:\/\/physlabs.colostate.edu\/chengroup\/wp-json\/wp\/v2\/comments?post=13"}],"version-history":[{"count":29,"href":"https:\/\/physlabs.colostate.edu\/chengroup\/wp-json\/wp\/v2\/pages\/13\/revisions"}],"predecessor-version":[{"id":443,"href":"https:\/\/physlabs.colostate.edu\/chengroup\/wp-json\/wp\/v2\/pages\/13\/revisions\/443"}],"wp:attachment":[{"href":"https:\/\/physlabs.colostate.edu\/chengroup\/wp-json\/wp\/v2\/media?parent=13"}],"curies":[{"name":"wp","href":"https:\/\/api.w.org\/{rel}","templated":true}]}}